{"id":2,"date":"2025-02-15T19:09:48","date_gmt":"2025-02-15T19:09:48","guid":{"rendered":"https:\/\/angelio.at\/wordpress\/?page_id=2"},"modified":"2025-05-21T07:54:37","modified_gmt":"2025-05-21T07:54:37","slug":"verein-angelio","status":"publish","type":"page","link":"https:\/\/angelio.at\/wordpress\/index.php\/verein-angelio\/","title":{"rendered":"Verein Angelio"},"content":{"rendered":"\n<p>Der Verein Angelio Kaufgemeinschaft ist ein gemeinn\u00fctziger Verein, welcher in \u00d6sterreich t\u00e4tig ist. Durch die nicht gewinnorientierte T\u00e4tigkeit k\u00f6nnen wir unsere Mitglieder verkaufsunabh\u00e4ngig mit Fachinformationen versorgen. Der Verein erstreckt sich auf alle Wohn- und Freizeitbereiche, wobei aktuell der Fokus auf dem Versicherungsbereich von Privatpersonen liegt.<\/p>\n\n\n\n<p><strong>Vereinsgeschichte:<\/strong><\/p>\n\n\n\n<p>2006: Der Verein Angelio Kaufgemeinschaft wurde von Rudolf P\u00fcrimayr ins Leben gerufen.<\/p>\n\n\n\n<p>2006-2024: Es waren mehrere Projekte unter dem Verein angedacht, jedoch wurde bis 2024 keines davon aktiv in die Tat umgesetzt. <\/p>\n\n\n\n<p>2025: Der Verein bietet Mitgliedern die M\u00f6glichkeit, g\u00fcnstig Unfallversicherungen zu beziehen. Das gelingt durch g\u00fcnstige Gruppenvertr\u00e4ge.<\/p>\n\n\n\n<p>2025: Die Plattform versicherungsgemeinschaft.at wird gestartet. Hier k\u00f6nnen Mitglieder g\u00fcnstig Versicherungen zum Gruppentarif einkaufen. Ziel ist es, dass die Mitglieder existenzgef\u00e4hrdende Risiken zu einem m\u00f6glichst g\u00fcnstigen Preis versichern k\u00f6nnen. <\/p>\n\n\n\n<p><\/p>\n","protected":false},"excerpt":{"rendered":"<p>Der Verein Angelio Kaufgemeinschaft ist ein gemeinn\u00fctziger Verein, welcher in \u00d6sterreich t\u00e4tig ist. Durch die nicht gewinnorientierte T\u00e4tigkeit k\u00f6nnen wir unsere Mitglieder verkaufsunabh\u00e4ngig mit Fachinformationen versorgen. Der Verein erstreckt sich auf alle Wohn- und Freizeitbereiche, wobei aktuell der Fokus auf dem Versicherungsbereich von Privatpersonen liegt. Vereinsgeschichte: 2006: Der Verein Angelio Kaufgemeinschaft wurde von Rudolf P\u00fcrimayr [&hellip;]<\/p>\n","protected":false},"author":1,"featured_media":0,"parent":0,"menu_order":0,"comment_status":"closed","ping_status":"closed","template":"","meta":{"footnotes":""},"class_list":["post-2","page","type-page","status-publish","hentry"],"_links":{"self":[{"href":"https:\/\/angelio.at\/wordpress\/index.php\/wp-json\/wp\/v2\/pages\/2","targetHints":{"allow":["GET"]}}],"collection":[{"href":"https:\/\/angelio.at\/wordpress\/index.php\/wp-json\/wp\/v2\/pages"}],"about":[{"href":"https:\/\/angelio.at\/wordpress\/index.php\/wp-json\/wp\/v2\/types\/page"}],"author":[{"embeddable":true,"href":"https:\/\/angelio.at\/wordpress\/index.php\/wp-json\/wp\/v2\/users\/1"}],"replies":[{"embeddable":true,"href":"https:\/\/angelio.at\/wordpress\/index.php\/wp-json\/wp\/v2\/comments?post=2"}],"version-history":[{"count":5,"href":"https:\/\/angelio.at\/wordpress\/index.php\/wp-json\/wp\/v2\/pages\/2\/revisions"}],"predecessor-version":[{"id":149,"href":"https:\/\/angelio.at\/wordpress\/index.php\/wp-json\/wp\/v2\/pages\/2\/revisions\/149"}],"wp:attachment":[{"href":"https:\/\/angelio.at\/wordpress\/index.php\/wp-json\/wp\/v2\/media?parent=2"}],"curies":[{"name":"wp","href":"https:\/\/api.w.org\/{rel}","templated":true}]}}